{"id":73,"date":"2022-01-14T21:45:50","date_gmt":"2022-01-14T21:45:50","guid":{"rendered":"http:\/\/activefisioterapia.com\/?page_id=73"},"modified":"2025-03-26T14:07:35","modified_gmt":"2025-03-26T14:07:35","slug":"inicio-2","status":"publish","type":"page","link":"https:\/\/activefisioterapia.com\/en\/inicio-2\/","title":{"rendered":"SOMOS"},"content":{"rendered":"<div class=\"wp-block-image\">\n<figure class=\"aligncenter size-large is-resized\"><img loading=\"lazy\" decoding=\"async\" width=\"1024\" height=\"568\" src=\"http:\/\/activefisioterapia.com\/wp-content\/uploads\/2025\/03\/webkingalogo-grande-3-1024x568.png\" alt=\"\" class=\"wp-image-440\" style=\"width:282px;height:auto\" srcset=\"https:\/\/activefisioterapia.com\/wp-content\/uploads\/2025\/03\/webkingalogo-grande-3-1024x568.png 1024w, https:\/\/activefisioterapia.com\/wp-content\/uploads\/2025\/03\/webkingalogo-grande-3-600x333.png 600w, https:\/\/activefisioterapia.com\/wp-content\/uploads\/2025\/03\/webkingalogo-grande-3-300x167.png 300w, https:\/\/activefisioterapia.com\/wp-content\/uploads\/2025\/03\/webkingalogo-grande-3-768x426.png 768w, https:\/\/activefisioterapia.com\/wp-content\/uploads\/2025\/03\/webkingalogo-grande-3-1536x853.png 1536w, https:\/\/activefisioterapia.com\/wp-content\/uploads\/2025\/03\/webkingalogo-grande-3-2048x1137.png 2048w, https:\/\/activefisioterapia.com\/wp-content\/uploads\/2025\/03\/webkingalogo-grande-3-18x10.png 18w\" sizes=\"auto, (max-width: 1024px) 100vw, 1024px\" \/><\/figure>\n<\/div>\n\n\n<p><\/p>\n\n\n\n<p class=\"has-text-align-center has-medium-font-size\">Cl\u00ednica Active Fisioterapia es un <strong>centro multidisciplinar<\/strong> ubicado en la urbanizaci\u00f3n de Roquetas de Mar, Almer\u00eda. <br><br>Nuestro objetivo es ofrecerle el mejor servicio para mejorar su salud y su calidad de vida.<\/p>\n\n\n\n<p><\/p>\n\n\n\n<p class=\"has-text-align-center\"><em>Atendemos a nuestros pacientes en espa\u00f1ol, ingl\u00e9s, alem\u00e1n, franc\u00e9s y h\u00fangaro.<\/em><\/p>\n\n\n\n<p><br><\/p>\n\n\n\n<p><\/p>\n\n\n\n<hr class=\"wp-block-separator has-alpha-channel-opacity\"\/>\n\n\n\n<p class=\"has-text-align-center\"><br><\/p>\n\n\n\n<p><\/p>\n\n\n\n<p class=\"has-text-align-center\">\u2705 <strong>Tratamiento Personalizado<\/strong><\/p>\n\n\n\n<p class=\"has-text-align-center\">\u2705 <strong>Atenci\u00f3n Individualizada<\/strong><\/p>\n\n\n\n<p class=\"has-text-align-center\">\u2705 <strong>Profesionales Sanitarios Colegiados<\/strong><\/p>\n\n\n\n<p><br><\/p>\n\n\n\n<hr class=\"wp-block-separator has-alpha-channel-opacity\"\/>\n\n\n\n<p><br><\/p>\n\n\n\n<p><\/p>\n\n\n\n<p class=\"has-text-align-center\"><strong>Para pedir cita:<\/strong><\/p>\n\n\n<p>[modeloform]<\/p>\n\n\n\n<p><br><br><\/p>\n\n\n\n<hr class=\"wp-block-separator has-alpha-channel-opacity\"\/>\n\n\n\n<p class=\"has-text-align-left has-medium-font-size\"><br><\/p>\n\n\n\n<p class=\"has-text-align-center has-medium-font-size\"><strong>Horarios:<\/strong><\/p>\n\n\n\n<p class=\"has-text-align-center\">Lunes-Viernes 9:30 a 20:00 (CITA PREVIA)<\/p>\n\n\n\n<p class=\"has-text-align-center\">S\u00e1bados (consultar)<\/p>\n\n\n\n<p><br><\/p>\n\n\n\n<p class=\"has-text-align-center has-medium-font-size\"><strong>Direcci\u00f3n:<\/strong><\/p>\n\n\n\n<p class=\"has-text-align-center has-medium-font-size\">Calle Alameda 71. Urbanizaci\u00f3n de Roquetas de Mar (Almer\u00eda)<br><\/p>\n\n\n\n<p class=\"has-text-align-center\">Tel\u00e9fono: 678 92 27 04  <\/p>\n\n\n\n<p class=\"has-text-align-center\">Correo electr\u00f3nico: activefisioterapia@gmail.com<\/p>\n\n\n\n<p class=\"has-text-align-left has-medium-font-size\"><strong> <\/strong><\/p>\n\n\n\n<p><br><\/p>\n\n\n\n<p><\/p>\n\n\n\n<p><\/p>\n\n\n\n<p><\/p>\n\n\n\n<p class=\"has-text-align-left has-medium-font-size\"><\/p>\n\n\n\n<p><br><\/p>\n\n\n\n<p><\/p>\n\n\n\n<p class=\"has-medium-font-size\"><\/p>\n\n\n\n<p class=\"has-text-align-center has-medium-font-size\"><\/p>\n\n\n\n<p><\/p>\n\n\n\n\n\n\n\n\n\n\n\n\n\n\n\n\n\n\n\n\n\n\n\n\n\n<p><\/p>","protected":false},"excerpt":{"rendered":"<p>Cl\u00ednica Active Fisioterapia es un centro multidisciplinar ubicado en la urbanizaci\u00f3n de Roquetas de Mar, Almer\u00eda. Nuestro objetivo es ofrecerle el mejor servicio para mejorar su salud y su calidad de vida. Atendemos a nuestros pacientes en espa\u00f1ol, ingl\u00e9s, alem\u00e1n, franc\u00e9s y h\u00fangaro. \u2705 Tratamiento Personalizado \u2705 Atenci\u00f3n Individualizada \u2705 Profesionales Sanitarios Colegiados Para pedir [&hellip;]<\/p>","protected":false},"author":1,"featured_media":0,"parent":0,"menu_order":0,"comment_status":"closed","ping_status":"closed","template":"","meta":{"footnotes":""},"class_list":["post-73","page","type-page","status-publish","hentry"],"_links":{"self":[{"href":"https:\/\/activefisioterapia.com\/en\/wp-json\/wp\/v2\/pages\/73","targetHints":{"allow":["GET"]}}],"collection":[{"href":"https:\/\/activefisioterapia.com\/en\/wp-json\/wp\/v2\/pages"}],"about":[{"href":"https:\/\/activefisioterapia.com\/en\/wp-json\/wp\/v2\/types\/page"}],"author":[{"embeddable":true,"href":"https:\/\/activefisioterapia.com\/en\/wp-json\/wp\/v2\/users\/1"}],"replies":[{"embeddable":true,"href":"https:\/\/activefisioterapia.com\/en\/wp-json\/wp\/v2\/comments?post=73"}],"version-history":[{"count":123,"href":"https:\/\/activefisioterapia.com\/en\/wp-json\/wp\/v2\/pages\/73\/revisions"}],"predecessor-version":[{"id":750,"href":"https:\/\/activefisioterapia.com\/en\/wp-json\/wp\/v2\/pages\/73\/revisions\/750"}],"wp:attachment":[{"href":"https:\/\/activefisioterapia.com\/en\/wp-json\/wp\/v2\/media?parent=73"}],"curies":[{"name":"wp","href":"https:\/\/api.w.org\/{rel}","templated":true}]}}